{"id":18,"date":"2023-08-10T02:09:28","date_gmt":"2023-08-10T02:09:28","guid":{"rendered":"https:\/\/live.21lab.co\/mlab\/?page_id=18"},"modified":"2025-04-07T12:19:59","modified_gmt":"2025-04-07T09:19:59","slug":"murat-yanik","status":"publish","type":"page","link":"https:\/\/www.rotacapital.com\/en\/murat-yanik\/","title":{"rendered":"Murat YANIK"},"content":{"rendered":"<div data-elementor-type=\"wp-page\" data-elementor-id=\"18\" class=\"elementor elementor-18\">\n\t\t\t\t\t\t<div class=\"elementor-section elementor-top-section elementor-element elementor-element-887c751 bgDark elementor-section-full_width elementor-section-height-default elementor-section-height-default\" data-id=\"887c751\" data-element_type=\"section\" data-e-type=\"section\" data-settings=\"{&quot;background_background&quot;:&quot;video&quot;,&quot;background_video_link&quot;:&quot;https:\\\/\\\/www.youtube.com\\\/watch?v=YoeDuQSB8ZI&quot;,&quot;background_play_on_mobile&quot;:&quot;yes&quot;}\">\n\t\t\t\t\t\t\t\t<div class=\"elementor-background-video-container\">\n\t\t\t\t\t\t\t\t\t\t\t\t\t<div class=\"elementor-background-video-embed\" role=\"presentation\"><\/div>\n\t\t\t\t\t\t\t\t\t\t\t\t<\/div>\n\t\t\t\t\t\t\t\t\t<div class=\"elementor-background-overlay\"><\/div>\n\t\t\t\t\t\t\t<div class=\"elementor-container elementor-column-gap-default\">\n\t\t\t\t\t<div class=\"elementor-column elementor-col-100 elementor-top-column elementor-element elementor-element-adff95e\" data-id=\"adff95e\" data-element_type=\"column\" data-e-type=\"column\">\n\t\t\t<div class=\"elementor-widget-wrap elementor-element-populated\">\n\t\t\t\t\t\t<div class=\"elementor-element elementor-element-cefa69d elementor-widget__width-inherit elementor-absolute bg-blur elementor-widget elementor-widget-spacer\" data-id=\"cefa69d\" data-element_type=\"widget\" data-e-type=\"widget\" data-settings=\"{&quot;_position&quot;:&quot;absolute&quot;}\" data-widget_type=\"spacer.default\">\n\t\t\t\t<div class=\"elementor-widget-container\">\n\t\t\t\t\t\t\t<div class=\"elementor-spacer\">\n\t\t\t<div class=\"elementor-spacer-inner\"><\/div>\n\t\t<\/div>\n\t\t\t\t\t\t<\/div>\n\t\t\t\t<\/div>\n\t\t\t\t<div class=\"elementor-element elementor-element-f14cbb2 elementor-widget elementor-widget-spacer\" data-id=\"f14cbb2\" data-element_type=\"widget\" data-e-type=\"widget\" data-widget_type=\"spacer.default\">\n\t\t\t\t<div class=\"elementor-widget-container\">\n\t\t\t\t\t\t\t<div class=\"elementor-spacer\">\n\t\t\t<div class=\"elementor-spacer-inner\"><\/div>\n\t\t<\/div>\n\t\t\t\t\t\t<\/div>\n\t\t\t\t<\/div>\n\t\t\t\t<div class=\"elementor-section elementor-inner-section elementor-element elementor-element-1e52724 elementor-section-content-bottom elementor-section-boxed elementor-section-height-default elementor-section-height-default\" data-id=\"1e52724\" data-element_type=\"section\" data-e-type=\"section\">\n\t\t\t\t\t\t<div class=\"elementor-container elementor-column-gap-extended\">\n\t\t\t\t\t<div class=\"elementor-column elementor-col-100 elementor-inner-column elementor-element elementor-element-b0af02b\" data-id=\"b0af02b\" data-element_type=\"column\" data-e-type=\"column\">\n\t\t\t<div class=\"elementor-widget-wrap elementor-element-populated\">\n\t\t\t\t\t\t<div class=\"elementor-element elementor-element-18da02d elementor-widget elementor-widget-testimonial\" data-id=\"18da02d\" data-element_type=\"widget\" data-e-type=\"widget\" data-widget_type=\"testimonial.default\">\n\t\t\t\t<div class=\"elementor-widget-container\">\n\t\t\t\t\t\t\t<div class=\"elementor-testimonial-wrapper\">\n\t\t\t\t\t\t\t<div class=\"elementor-testimonial-content\">Murat YANIK<\/div>\n\t\t\t\n\t\t\t\t\t\t<div class=\"elementor-testimonial-meta elementor-has-image elementor-testimonial-image-position-aside\">\n\t\t\t\t<div class=\"elementor-testimonial-meta-inner\">\n\t\t\t\t\t\t\t\t\t\t\t<div class=\"elementor-testimonial-image\">\n\t\t\t\t\t\t\t<img decoding=\"async\" width=\"100\" height=\"100\" src=\"https:\/\/www.rotacapital.com\/wp-content\/uploads\/2024\/07\/murat-bey.png\" class=\"attachment-full size-full wp-image-1597\" alt=\"\" \/>\t\t\t\t\t\t<\/div>\n\t\t\t\t\t\n\t\t\t\t\t\t\t\t\t\t<div class=\"elementor-testimonial-details\">\n\t\t\t\t\t\t\t\t\t\t\t\t\t\t<div class=\"elementor-testimonial-name\">Rota Capital SMMM ve Dan\u0131\u015fmanl\u0131k A.\u015e.<\/div>\n\t\t\t\t\t\t\t\t\t\t\t\t\t\t\t\t\t\t\t\t\t\t<div class=\"elementor-testimonial-job\">Chairman of the Board of Directors \/ Economist and Financial Advisor \/ Capital Markets<\/div>\n\t\t\t\t\t\t\t\t\t\t\t\t\t<\/div>\n\t\t\t\t\t\t\t\t\t<\/div>\n\t\t\t<\/div>\n\t\t\t\t\t<\/div>\n\t\t\t\t\t\t<\/div>\n\t\t\t\t<\/div>\n\t\t\t\t\t<\/div>\n\t\t<\/div>\n\t\t\t\t\t<\/div>\n\t\t<\/div>\n\t\t\t\t\t<\/div>\n\t\t<\/div>\n\t\t\t\t\t<\/div>\n\t\t<\/div>\n\t\t\t\t<div class=\"elementor-section elementor-top-section elementor-element elementor-element-5e74cd8 elementor-section-boxed elementor-section-height-default elementor-section-height-default\" data-id=\"5e74cd8\" data-element_type=\"section\" data-e-type=\"section\">\n\t\t\t\t\t\t<div class=\"elementor-container elementor-column-gap-extended\">\n\t\t\t\t\t<div class=\"elementor-column elementor-col-100 elementor-top-column elementor-element elementor-element-becbd43\" data-id=\"becbd43\" data-element_type=\"column\" data-e-type=\"column\">\n\t\t\t<div class=\"elementor-widget-wrap elementor-element-populated\">\n\t\t\t\t\t\t<div class=\"elementor-element elementor-element-49f051a elementor-widget-divider--view-line elementor-widget elementor-widget-divider\" data-id=\"49f051a\" data-element_type=\"widget\" data-e-type=\"widget\" data-widget_type=\"divider.default\">\n\t\t\t\t<div class=\"elementor-widget-container\">\n\t\t\t\t\t\t\t<div class=\"elementor-divider\">\n\t\t\t<span class=\"elementor-divider-separator\">\n\t\t\t\t\t\t<\/span>\n\t\t<\/div>\n\t\t\t\t\t\t<\/div>\n\t\t\t\t<\/div>\n\t\t\t\t<div class=\"elementor-element elementor-element-44b9293 elementor-widget elementor-widget-text-editor\" data-id=\"44b9293\" data-element_type=\"widget\" data-e-type=\"widget\" data-widget_type=\"text-editor.default\">\n\t\t\t\t<div class=\"elementor-widget-container\">\n\t\t\t\t\t\t\t\t\t<p>Murat YANIK, Chairman of the Board of Directors of Rota Capital, started his career as an inspector at Emlakbank and served as a senior executive, General Manager and Board Member in public and private banks and financial institutions for many years. Following a successful career in the banking sector, Mr. YANIK continued his career as CEO and Vice Chairman of the Board of Directors at Metro Holding between 2000 and 2008. During this period, he successfully managed many capital markets operations such as the establishment of the brokerage house Metro Yat\u0131r\u0131m, the establishment of Metro Faktoring and Metro Leasing, the merger and spin-off of the listed Vanet, and the public offering of Metro Holding. Murat Yan\u0131k, who completed his undergraduate and graduate studies at Gazi University, Faculty of Economics, Department of Economics, is also a Certified Public Accountant, registered with the Istanbul Chamber of Certified Public Accountants and a member of T\u00dcRMOB.<\/p>\t\t\t\t\t\t\t\t<\/div>\n\t\t\t\t<\/div>\n\t\t\t\t\t<\/div>\n\t\t<\/div>\n\t\t\t\t\t<\/div>\n\t\t<\/div>\n\t\t\t\t<div class=\"elementor-section elementor-top-section elementor-element elementor-element-fc7e55d elementor-section-boxed elementor-section-height-default elementor-section-height-default\" data-id=\"fc7e55d\" data-element_type=\"section\" data-e-type=\"section\" data-settings=\"{&quot;background_background&quot;:&quot;classic&quot;}\">\n\t\t\t\t\t\t<div class=\"elementor-container elementor-column-gap-default\">\n\t\t\t\t\t<div class=\"elementor-column elementor-col-100 elementor-top-column elementor-element elementor-element-99388be\" data-id=\"99388be\" data-element_type=\"column\" data-e-type=\"column\">\n\t\t\t<div class=\"elementor-widget-wrap elementor-element-populated\">\n\t\t\t\t\t\t<div class=\"elementor-element elementor-element-de24e7b elementor-widget elementor-widget-heading\" data-id=\"de24e7b\" data-element_type=\"widget\" data-e-type=\"widget\" data-widget_type=\"heading.default\">\n\t\t\t\t<div class=\"elementor-widget-container\">\n\t\t\t\t\t<h2 class=\"elementor-heading-title elementor-size-default\">Experience<\/h2>\t\t\t\t<\/div>\n\t\t\t\t<\/div>\n\t\t\t\t<div class=\"elementor-element elementor-element-7549966 elementor-widget elementor-widget-pp-content-reveal\" data-id=\"7549966\" data-element_type=\"widget\" data-e-type=\"widget\" data-settings=\"{&quot;default_content_state&quot;:&quot;unreveal&quot;}\" data-widget_type=\"pp-content-reveal.default\">\n\t\t\t\t<div class=\"elementor-widget-container\">\n\t\t\t\t\t\t\t<div class=\"pp-content-reveal-content-wrapper\" data-speed=\"0.5\" data-visibility=\"pixels\" data-scroll-top=\"yes\" data-content-height=\"150\">\n\t\t\t<div class=\"pp-content-reveal-content\">\n\t\t\t\t<p><strong>BROKERAGE HOUSE EXPERIENCE<\/strong><br \/>Yurt Securities Board Member<br \/>Metro Securities CEO<\/p><p><strong>CAPITAL MARKETS EXPERIENCES<\/strong><br \/>Metro Investment Trust CEO<br \/>Eurasia REIT CEO<br \/>Atlas Securities Y.O. CEO<\/p><p><strong>REAL SECTOR EXPERIENCES<\/strong><br \/>Metro Holding CEO<br \/>Vanet Vice Chairman<br \/>AVTER Vice Chairman<\/p><p>Emlakbank<\/p><p>Real Estate Paz. Board Member<\/p><p><strong>BANKING, FINANCE EXPERIENCE<\/strong><br \/>Yurtbank General Manager<br \/>Yurtbank Board Member<br \/>Sumerbank Executive Board Member<br \/>Yasarbank Assistant General Manager <br \/>Emlakbank Deputy General Manager <br \/>Head of Marketing Department at Emlakbank<br \/>Emlakbank Kavakl\u0131dere Branch Manager<br \/>Emlakbank Mithatpa\u015fa Branch Manager<br \/>Emlakbank K\u00fc\u00e7\u00fckesat Branch Manager<br \/>Emlakbank Dikmen Branch Manager<br \/>Emlakbank Inspector<br \/>Metro Faktoring Vice Chairman\u00a0<br \/>Yurt Faktoring Board Member<br \/>Metro Leasing Vice Chairman<\/p>\t\t\t<\/div>\n\t\t\t\t\t\t\t<div class=\"pp-content-reveal-saparator\"><\/div>\n\t\t\t\t\t<\/div>\n\t\t<div class=\"pp-content-reveal-buttons-wrapper\">\n\t\t\t<div class=\"pp-content-reveal-button-inner elementor-button elementor-size-md pp-button-icon-after\">\n\t\t\t\t<span class=\"pp-content-reveal-button pp-content-reveal-button-open\">\n\t\t\t\t\t<span class=\"pp-content-reveal-button-content\">\n\t\t\t\t\t\t\t\t\t\t\t\t\t<span class=\"pp-button-icon pp-icon\"><svg class=\"e-font-icon-svg e-fas-angle-up\" viewbox=\"0 0 320 512\" xmlns=\"http:\/\/www.w3.org\/2000\/svg\"><path d=\"M177 159.7l136 136c9.4 9.4 9.4 24.6 0 33.9l-22.6 22.6c-9.4 9.4-24.6 9.4-33.9 0L160 255.9l-96.4 96.4c-9.4 9.4-24.6 9.4-33.9 0L7 329.7c-9.4-9.4-9.4-24.6 0-33.9l136-136c9.4-9.5 24.6-9.5 34-.1z\"><\/path><\/svg><\/span>\n\t\t\t\t\t\t\t\t\t\t\t\t\t\t\t\t\t\t\t<span class=\"pp-content-reveal-button-text\">\n\t\t\t\t\t\t\t\tLess\t\t\t\t\t\t\t<\/span>\n\t\t\t\t\t\t\t\t\t\t\t<\/span>\n\t\t\t\t<\/span>\n\t\t\t\t<span class=\"pp-content-reveal-button pp-content-reveal-button-closed\">\n\t\t\t\t\t<span class=\"pp-content-reveal-button-content\">\n\t\t\t\t\t\t\t\t\t\t\t\t\t\t\t\t\t\t\t<span class=\"pp-content-reveal-button-text\">\n\t\t\t\t\t\t\t\tMore\t\t\t\t\t\t\t<\/span>\n\t\t\t\t\t\t\t\t\t\t\t<\/span>\n\t\t\t\t<\/span>\n\t\t\t<\/div>\n\t\t<\/div>\n\t\t\t\t\t\t<\/div>\n\t\t\t\t<\/div>\n\t\t\t\t\t<\/div>\n\t\t<\/div>\n\t\t\t\t\t<\/div>\n\t\t<\/div>\n\t\t\t\t<\/div>","protected":false},"excerpt":{"rendered":"<p>Murat YANIK Rota Capital SMMM ve Dan\u0131\u015fmanl\u0131k A.\u015e. Y\u00f6netim Kurulu Ba\u015fkan\u0131 \/ Ekonomist ve Mali M\u00fc\u015favir \/ Sermaye Piyasalar\u0131 Rota Capital Y\u00f6netim Kurulu Ba\u015fkan\u0131 Murat YANIK kariyerine Emlakbank\u2019ta m\u00fcfetti\u015f olarak ba\u015flam\u0131\u015f, uzun y\u0131llar kamu ve \u00f6zel bankalarda ve finans kurumlar\u0131nda \u00fcst d\u00fczey y\u00f6netici, Genel M\u00fcd\u00fcr ve Y\u00f6netim Kurulu \u00dcyeli\u011fi g\u00f6revlerinde bulunmu\u015ftur. Bankac\u0131l\u0131k sekt\u00f6r\u00fcnde ba\u015far\u0131yla ge\u00e7en [&hellip;]<\/p>\n","protected":false},"author":1,"featured_media":0,"parent":0,"menu_order":0,"comment_status":"closed","ping_status":"closed","template":"tmpl\/template-fullwidth.php","meta":{"_acf_changed":false,"inline_featured_image":false,"footnotes":""},"class_list":["post-18","page","type-page","status-publish","hentry"],"acf":[],"_links":{"self":[{"href":"https:\/\/www.rotacapital.com\/en\/wp-json\/wp\/v2\/pages\/18","targetHints":{"allow":["GET"]}}],"collection":[{"href":"https:\/\/www.rotacapital.com\/en\/wp-json\/wp\/v2\/pages"}],"about":[{"href":"https:\/\/www.rotacapital.com\/en\/wp-json\/wp\/v2\/types\/page"}],"author":[{"embeddable":true,"href":"https:\/\/www.rotacapital.com\/en\/wp-json\/wp\/v2\/users\/1"}],"replies":[{"embeddable":true,"href":"https:\/\/www.rotacapital.com\/en\/wp-json\/wp\/v2\/comments?post=18"}],"version-history":[{"count":43,"href":"https:\/\/www.rotacapital.com\/en\/wp-json\/wp\/v2\/pages\/18\/revisions"}],"predecessor-version":[{"id":2558,"href":"https:\/\/www.rotacapital.com\/en\/wp-json\/wp\/v2\/pages\/18\/revisions\/2558"}],"wp:attachment":[{"href":"https:\/\/www.rotacapital.com\/en\/wp-json\/wp\/v2\/media?parent=18"}],"curies":[{"name":"wp","href":"https:\/\/api.w.org\/{rel}","templated":true}]}}