{"id":2629,"date":"2025-04-11T03:24:55","date_gmt":"2025-04-11T00:24:55","guid":{"rendered":"https:\/\/www.rotacapital.com\/?page_id=2629"},"modified":"2025-04-11T03:26:04","modified_gmt":"2025-04-11T00:26:04","slug":"halka-acik-olmayan-sirketlere-yonelik-hizmetler","status":"publish","type":"page","link":"https:\/\/www.rotacapital.com\/en\/halka-acik-olmayan-sirketlere-yonelik-hizmetler\/","title":{"rendered":"Services for Non-Public Companies"},"content":{"rendered":"<div data-elementor-type=\"wp-page\" data-elementor-id=\"2629\" class=\"elementor elementor-2629\">\n\t\t\t\t\t\t<div class=\"elementor-section elementor-top-section elementor-element elementor-element-de29a6f elementor-section-boxed elementor-section-height-default elementor-section-height-default\" data-id=\"de29a6f\" data-element_type=\"section\" data-e-type=\"section\" id=\"sermayetavani\">\n\t\t\t\t\t\t<div class=\"elementor-container elementor-column-gap-extended\">\n\t\t\t\t\t<div class=\"elementor-column elementor-col-100 elementor-top-column elementor-element elementor-element-9569b07\" data-id=\"9569b07\" data-element_type=\"column\" data-e-type=\"column\">\n\t\t\t<div class=\"elementor-widget-wrap elementor-element-populated\">\n\t\t\t\t\t\t<div class=\"elementor-element elementor-element-ac4f7c6 elementor-widget-divider--view-line elementor-widget elementor-widget-divider\" data-id=\"ac4f7c6\" data-element_type=\"widget\" data-e-type=\"widget\" data-widget_type=\"divider.default\">\n\t\t\t\t<div class=\"elementor-widget-container\">\n\t\t\t\t\t\t\t<div class=\"elementor-divider\">\n\t\t\t<span class=\"elementor-divider-separator\">\n\t\t\t\t\t\t<\/span>\n\t\t<\/div>\n\t\t\t\t\t\t<\/div>\n\t\t\t\t<\/div>\n\t\t\t\t<div class=\"elementor-element elementor-element-19f5184 elementor-widget elementor-widget-heading\" data-id=\"19f5184\" data-element_type=\"widget\" data-e-type=\"widget\" data-widget_type=\"heading.default\">\n\t\t\t\t<div class=\"elementor-widget-container\">\n\t\t\t\t\t<h6 class=\"elementor-heading-title elementor-size-default\">Services for non-listed companies<\/h6>\t\t\t\t<\/div>\n\t\t\t\t<\/div>\n\t\t\t\t<div class=\"elementor-element elementor-element-4d6d749 elementor-widget elementor-widget-text-editor\" data-id=\"4d6d749\" data-element_type=\"widget\" data-e-type=\"widget\" data-widget_type=\"text-editor.default\">\n\t\t\t\t<div class=\"elementor-widget-container\">\n\t\t\t\t\t\t\t\t\t<p>- Company organizations.&nbsp;<\/p>\n<p><br><\/p>\n<p>&#8211;<span style=\"white-space:pre\">\t<\/span>Capital increases in cash, in kind, allocated capital increases.&nbsp;<\/p>\n<p><br><\/p>\n<p>&#8211;<span style=\"white-space:pre\">\t<\/span>Mergers and divisions.&nbsp;<\/p>\n<p><br><\/p>\n<p>&#8211;<span style=\"white-space:pre\">\t<\/span>Amendments to the articles of association.&nbsp;<\/p>\n<p><br><\/p>\n<p>&#8211;<span style=\"white-space:pre\">\t<\/span>Creation of privileged shares.&nbsp;<\/p>\n<p><br><\/p>\n<p>&#8211;<span style=\"white-space:pre\">\t<\/span>Share transfers and changes in shareholding structure.&nbsp;<\/p>\n<p><br><\/p>\n<p>&#8211;<span style=\"white-space:pre\">\t<\/span>General assembly meetings and registrations.&nbsp;<\/p>\t\t\t\t\t\t\t\t<\/div>\n\t\t\t\t<\/div>\n\t\t\t\t\t<\/div>\n\t\t<\/div>\n\t\t\t\t\t<\/div>\n\t\t<\/div>\n\t\t\t\t<div class=\"elementor-section elementor-top-section elementor-element elementor-element-38c550f elementor-section-boxed elementor-section-height-default elementor-section-height-default\" data-id=\"38c550f\" data-element_type=\"section\" data-e-type=\"section\" id=\"blog\">\n\t\t\t\t\t\t<div class=\"elementor-container elementor-column-gap-extended\">\n\t\t\t\t\t<div class=\"elementor-column elementor-col-100 elementor-top-column elementor-element elementor-element-f481f36\" data-id=\"f481f36\" data-element_type=\"column\" data-e-type=\"column\">\n\t\t\t<div class=\"elementor-widget-wrap elementor-element-populated\">\n\t\t\t\t\t\t<div class=\"elementor-element elementor-element-be1dace elementor-widget elementor-widget-heading\" data-id=\"be1dace\" data-element_type=\"widget\" data-e-type=\"widget\" data-widget_type=\"heading.default\">\n\t\t\t\t<div class=\"elementor-widget-container\">\n\t\t\t\t\t<h6 class=\"elementor-heading-title elementor-size-default\">blog<\/h6>\t\t\t\t<\/div>\n\t\t\t\t<\/div>\n\t\t\t\t<div class=\"elementor-element elementor-element-16e056b elementor-widget elementor-widget-heading\" data-id=\"16e056b\" data-element_type=\"widget\" data-e-type=\"widget\" data-widget_type=\"heading.default\">\n\t\t\t\t<div class=\"elementor-widget-container\">\n\t\t\t\t\t<h2 class=\"elementor-heading-title elementor-size-default\">Blog<\/h2>\t\t\t\t<\/div>\n\t\t\t\t<\/div>\n\t\t\t\t<div class=\"elementor-element elementor-element-a8f9e80 elementor-grid-4 pp-equal-height-yes elementor-grid-tablet-2 elementor-grid-mobile-1 elementor-widget elementor-widget-pp-posts\" data-id=\"a8f9e80\" data-element_type=\"widget\" data-e-type=\"widget\" data-widget_type=\"pp-posts.classic\">\n\t\t\t\t<div class=\"elementor-widget-container\">\n\t\t\t\t\t\t\t<div class=\"pp-posts-container\">\n\t\t\t\n\t\t\t\t\t\t\t\t\t\t\n\t\t\t<div class=\"pp-posts pp-posts-skin-classic elementor-grid pp-posts-grid\" data-query-type=\"custom\" data-layout=\"grid\" data-page=\"2629\" data-skin=\"classic\">\n\t\t\t\t\t\t\t\t\t\t\t<div class=\"pp-post-wrap pp-grid-item-wrap elementor-grid-item post-2634 post type-post status-publish format-standard has-post-thumbnail hentry category-halka-arz tag-borsa-istanbul tag-halka-arz tag-sermaye\">\n\t\t\t\t\t\t<div class=\"pp-post pp-grid-item\">\n\t\t\t\t\t\t<div class=\"pp-post-thumbnail\">\n\t\t\t<a class=\"pp-post-thumbnail-wrap\" href=\"https:\/\/www.rotacapital.com\/en\/halka-arz-kriterleri-nelerdir\/\" title=\"What are the IPO Criteria?\">\n\t\t\t\t<img fetchpriority=\"high\" decoding=\"async\" width=\"900\" height=\"450\" src=\"https:\/\/www.rotacapital.com\/wp-content\/uploads\/2025\/04\/halka-arz-5-1024x512.png\" class=\"attachment-large size-large wp-image-2638\" alt=\"\" srcset=\"https:\/\/www.rotacapital.com\/wp-content\/uploads\/2025\/04\/halka-arz-5-1024x512.png 1024w, https:\/\/www.rotacapital.com\/wp-content\/uploads\/2025\/04\/halka-arz-5-300x150.png 300w, https:\/\/www.rotacapital.com\/wp-content\/uploads\/2025\/04\/halka-arz-5-768x384.png 768w, https:\/\/www.rotacapital.com\/wp-content\/uploads\/2025\/04\/halka-arz-5-18x9.png 18w, https:\/\/www.rotacapital.com\/wp-content\/uploads\/2025\/04\/halka-arz-5.png 1280w\" sizes=\"(max-width: 900px) 100vw, 900px\" \/>\t\t\t<\/a>\n\t\t<\/div>\n\t\t\n\t\t\t\t\n\t\t\t\t<div class=\"pp-post-content-wrap\">\n\t\t\t\t\t<div class=\"pp-post-content\">\n\t\t\t\t\t\t\t\t\t\t<div class=\"pp-post-terms-wrap\">\n\t\t\t<span class=\"pp-post-terms\">\n\t\t\t\t<span class=\"pp-post-term\"><a href=\"https:\/\/www.rotacapital.com\/en\/category\/halka-arz\/\">Public Offering<\/a><\/span>\t\t\t<\/span>\n\t\t<\/div>\n\t\t\t\t\t\t\t\t\t\t<h2 class=\"pp-post-title\">\n\t\t\t\t<a href=\"https:\/\/www.rotacapital.com\/en\/halka-arz-kriterleri-nelerdir\/\">What are the IPO Criteria?<\/a>\t\t\t<\/h2>\n\t\t\t\t\t\t\t<div class=\"pp-post-excerpt\">\n\t\t\tCMB updates the IPO criteria based on financial performance at the end of each year. In 2024\t\t<\/div>\n\t\t\t\t\t\t\t\t\t\t<div class=\"pp-post-meta\">\n\t\t\t\t\t\t\t\t<span class=\"pp-post-date\">\n\t\t\t\t\t\t<span class=\"pp-meta-text\">\n\t\t\t\tApril 11, 2025\t\t\t<\/span>\n\t\t<\/span>\n\t\t<span class=\"pp-meta-separator\"><\/span>\n\t\t\t\t\t\t\t<\/div>\n\t\t\t\t\t\t\t\t<\/div>\n\t\t\t\t\t\t\t\t\t<\/div>\n\n\t\t\t\t\t\t\t<\/div>\n\t\t\t\t\t<\/div>\n\t\t\t\t<div class=\"pp-post-wrap pp-grid-item-wrap elementor-grid-item post-79 post type-post status-publish format-standard has-post-thumbnail hentry category-halka-arz tag-borsa-istanbul tag-halka-arz tag-sermaye\">\n\t\t\t\t\t\t<div class=\"pp-post pp-grid-item\">\n\t\t\t\t\t\t<div class=\"pp-post-thumbnail\">\n\t\t\t<a class=\"pp-post-thumbnail-wrap\" href=\"https:\/\/www.rotacapital.com\/en\/halka-arz-acilma-sartlari-nelerdir\/\" title=\"What are the Conditions for Public Offering (Going Public)?\">\n\t\t\t\t<img decoding=\"async\" width=\"900\" height=\"450\" src=\"https:\/\/www.rotacapital.com\/wp-content\/uploads\/2024\/07\/halka-arz-4-1024x512.png\" class=\"attachment-large size-large wp-image-2256\" alt=\"\" srcset=\"https:\/\/www.rotacapital.com\/wp-content\/uploads\/2024\/07\/halka-arz-4-1024x512.png 1024w, https:\/\/www.rotacapital.com\/wp-content\/uploads\/2024\/07\/halka-arz-4-300x150.png 300w, https:\/\/www.rotacapital.com\/wp-content\/uploads\/2024\/07\/halka-arz-4-768x384.png 768w, https:\/\/www.rotacapital.com\/wp-content\/uploads\/2024\/07\/halka-arz-4.png 1280w\" sizes=\"(max-width: 900px) 100vw, 900px\" \/>\t\t\t<\/a>\n\t\t<\/div>\n\t\t\n\t\t\t\t\n\t\t\t\t<div class=\"pp-post-content-wrap\">\n\t\t\t\t\t<div class=\"pp-post-content\">\n\t\t\t\t\t\t\t\t\t\t<div class=\"pp-post-terms-wrap\">\n\t\t\t<span class=\"pp-post-terms\">\n\t\t\t\t<span class=\"pp-post-term\"><a href=\"https:\/\/www.rotacapital.com\/en\/category\/halka-arz\/\">Public Offering<\/a><\/span>\t\t\t<\/span>\n\t\t<\/div>\n\t\t\t\t\t\t\t\t\t\t<h2 class=\"pp-post-title\">\n\t\t\t\t<a href=\"https:\/\/www.rotacapital.com\/en\/halka-arz-acilma-sartlari-nelerdir\/\">What are the Conditions for Public Offering (Going Public)?<\/a>\t\t\t<\/h2>\n\t\t\t\t\t\t\t<div class=\"pp-post-excerpt\">\n\t\t\tIPO companies increase their working capital and obtain financing for their investments....\t\t<\/div>\n\t\t\t\t\t\t\t\t\t\t<div class=\"pp-post-meta\">\n\t\t\t\t\t\t\t\t<span class=\"pp-post-date\">\n\t\t\t\t\t\t<span class=\"pp-meta-text\">\n\t\t\t\tJuly 21, 2024\t\t\t<\/span>\n\t\t<\/span>\n\t\t<span class=\"pp-meta-separator\"><\/span>\n\t\t\t\t\t\t\t<\/div>\n\t\t\t\t\t\t\t\t<\/div>\n\t\t\t\t\t\t\t\t\t<\/div>\n\n\t\t\t\t\t\t\t<\/div>\n\t\t\t\t\t<\/div>\n\t\t\t\t<div class=\"pp-post-wrap pp-grid-item-wrap elementor-grid-item post-82 post type-post status-publish format-standard has-post-thumbnail hentry category-halka-arz tag-borsa-istanbul tag-halka-arz tag-sermaye\">\n\t\t\t\t\t\t<div class=\"pp-post pp-grid-item\">\n\t\t\t\t\t\t<div class=\"pp-post-thumbnail\">\n\t\t\t<a class=\"pp-post-thumbnail-wrap\" href=\"https:\/\/www.rotacapital.com\/en\/halka-arz-icin-gerekli-sermaye-ne-kadar-olmali\/\" title=\"How Much Capital is Required for an IPO?\">\n\t\t\t\t<img decoding=\"async\" width=\"900\" height=\"450\" src=\"https:\/\/www.rotacapital.com\/wp-content\/uploads\/2023\/08\/halka-arz-1-1024x512.png\" class=\"attachment-large size-large wp-image-1704\" alt=\"\" srcset=\"https:\/\/www.rotacapital.com\/wp-content\/uploads\/2023\/08\/halka-arz-1-1024x512.png 1024w, https:\/\/www.rotacapital.com\/wp-content\/uploads\/2023\/08\/halka-arz-1-300x150.png 300w, https:\/\/www.rotacapital.com\/wp-content\/uploads\/2023\/08\/halka-arz-1-768x384.png 768w, https:\/\/www.rotacapital.com\/wp-content\/uploads\/2023\/08\/halka-arz-1.png 1280w\" sizes=\"(max-width: 900px) 100vw, 900px\" \/>\t\t\t<\/a>\n\t\t<\/div>\n\t\t\n\t\t\t\t\n\t\t\t\t<div class=\"pp-post-content-wrap\">\n\t\t\t\t\t<div class=\"pp-post-content\">\n\t\t\t\t\t\t\t\t\t\t<div class=\"pp-post-terms-wrap\">\n\t\t\t<span class=\"pp-post-terms\">\n\t\t\t\t<span class=\"pp-post-term\"><a href=\"https:\/\/www.rotacapital.com\/en\/category\/halka-arz\/\">Public Offering<\/a><\/span>\t\t\t<\/span>\n\t\t<\/div>\n\t\t\t\t\t\t\t\t\t\t<h2 class=\"pp-post-title\">\n\t\t\t\t<a href=\"https:\/\/www.rotacapital.com\/en\/halka-arz-icin-gerekli-sermaye-ne-kadar-olmali\/\">How Much Capital is Required for an IPO?<\/a>\t\t\t<\/h2>\n\t\t\t\t\t\t\t<div class=\"pp-post-excerpt\">\n\t\t\tCompanies targeting an IPO are constantly researching the details of the IPO. Especially the last...\t\t<\/div>\n\t\t\t\t\t\t\t\t\t\t<div class=\"pp-post-meta\">\n\t\t\t\t\t\t\t\t<span class=\"pp-post-date\">\n\t\t\t\t\t\t<span class=\"pp-meta-text\">\n\t\t\t\tJuly 21, 2024\t\t\t<\/span>\n\t\t<\/span>\n\t\t<span class=\"pp-meta-separator\"><\/span>\n\t\t\t\t\t\t\t<\/div>\n\t\t\t\t\t\t\t\t<\/div>\n\t\t\t\t\t\t\t\t\t<\/div>\n\n\t\t\t\t\t\t\t<\/div>\n\t\t\t\t\t<\/div>\n\t\t\t\t<div class=\"pp-post-wrap pp-grid-item-wrap elementor-grid-item post-86 post type-post status-publish format-standard has-post-thumbnail hentry category-business-news category-halka-arz tag-halka-arz tag-sermaye\">\n\t\t\t\t\t\t<div class=\"pp-post pp-grid-item\">\n\t\t\t\t\t\t<div class=\"pp-post-thumbnail\">\n\t\t\t<a class=\"pp-post-thumbnail-wrap\" href=\"https:\/\/www.rotacapital.com\/en\/halka-arz-nedir\/\" title=\"What is an IPO? What are the Advantages for Businesses?\">\n\t\t\t\t<img loading=\"lazy\" decoding=\"async\" width=\"900\" height=\"450\" src=\"https:\/\/www.rotacapital.com\/wp-content\/uploads\/2023\/08\/halka-arz-1024x512.png\" class=\"attachment-large size-large wp-image-1694\" alt=\"\" srcset=\"https:\/\/www.rotacapital.com\/wp-content\/uploads\/2023\/08\/halka-arz-1024x512.png 1024w, https:\/\/www.rotacapital.com\/wp-content\/uploads\/2023\/08\/halka-arz-300x150.png 300w, https:\/\/www.rotacapital.com\/wp-content\/uploads\/2023\/08\/halka-arz-768x384.png 768w, https:\/\/www.rotacapital.com\/wp-content\/uploads\/2023\/08\/halka-arz.png 1280w\" sizes=\"(max-width: 900px) 100vw, 900px\" \/>\t\t\t<\/a>\n\t\t<\/div>\n\t\t\n\t\t\t\t\n\t\t\t\t<div class=\"pp-post-content-wrap\">\n\t\t\t\t\t<div class=\"pp-post-content\">\n\t\t\t\t\t\t\t\t\t\t<div class=\"pp-post-terms-wrap\">\n\t\t\t<span class=\"pp-post-terms\">\n\t\t\t\t<span class=\"pp-post-term\"><a href=\"https:\/\/www.rotacapital.com\/en\/category\/business-news\/\">Business News<\/a><\/span>\t\t\t<\/span>\n\t\t<\/div>\n\t\t\t\t\t\t\t\t\t\t<h2 class=\"pp-post-title\">\n\t\t\t\t<a href=\"https:\/\/www.rotacapital.com\/en\/halka-arz-nedir\/\">What is an IPO? What are the Advantages for Businesses?<\/a>\t\t\t<\/h2>\n\t\t\t\t\t\t\t<div class=\"pp-post-excerpt\">\n\t\t\tWhat is an IPO? What are the Advantages for Businesses? Public offerings made in Borsa Istanbul...\t\t<\/div>\n\t\t\t\t\t\t\t\t\t\t<div class=\"pp-post-meta\">\n\t\t\t\t\t\t\t\t<span class=\"pp-post-date\">\n\t\t\t\t\t\t<span class=\"pp-meta-text\">\n\t\t\t\tJuly 21, 2024\t\t\t<\/span>\n\t\t<\/span>\n\t\t<span class=\"pp-meta-separator\"><\/span>\n\t\t\t\t\t\t\t<\/div>\n\t\t\t\t\t\t\t\t<\/div>\n\t\t\t\t\t\t\t\t\t<\/div>\n\n\t\t\t\t\t\t\t<\/div>\n\t\t\t\t\t<\/div>\n\t\t\t\t\t\t\t\t\t<\/div>\n\t\t\t\n\t\t\t\n\t\t\t\n\t\t\t\n\t\t\t\t\t\t\t\t\t\t\t\t<\/div>\n\n\t\t\n\t\t\t\t\t\t<\/div>\n\t\t\t\t<\/div>\n\t\t\t\t<div class=\"elementor-element elementor-element-0898516 elementor-widget elementor-widget-text-editor\" data-id=\"0898516\" data-element_type=\"widget\" data-e-type=\"widget\" data-widget_type=\"text-editor.default\">\n\t\t\t\t<div class=\"elementor-widget-container\">\n\t\t\t\t\t\t\t\t\t<p>You can follow our social media accounts for the latest information and content.<\/p>\t\t\t\t\t\t\t\t<\/div>\n\t\t\t\t<\/div>\n\t\t\t\t\t<\/div>\n\t\t<\/div>\n\t\t\t\t\t<\/div>\n\t\t<\/div>\n\t\t\t\t<div class=\"elementor-section elementor-top-section elementor-element elementor-element-0bca384 bgDark elementor-section-boxed elementor-section-height-default elementor-section-height-default\" data-id=\"0bca384\" data-element_type=\"section\" data-e-type=\"section\" id=\"digerhizmetlerimiz\">\n\t\t\t\t\t\t<div class=\"elementor-container elementor-column-gap-default\">\n\t\t\t\t\t<div class=\"elementor-column elementor-col-100 elementor-top-column elementor-element elementor-element-cb0a529\" data-id=\"cb0a529\" data-element_type=\"column\" data-e-type=\"column\">\n\t\t\t<div class=\"elementor-widget-wrap elementor-element-populated\">\n\t\t\t\t\t\t<div class=\"elementor-section elementor-inner-section elementor-element elementor-element-7f18837 elementor-section-boxed elementor-section-height-default elementor-section-height-default\" data-id=\"7f18837\" data-element_type=\"section\" data-e-type=\"section\">\n\t\t\t\t\t\t<div class=\"elementor-container elementor-column-gap-extended\">\n\t\t\t\t\t<div class=\"elementor-column elementor-col-100 elementor-inner-column elementor-element elementor-element-69bad7b\" data-id=\"69bad7b\" data-element_type=\"column\" data-e-type=\"column\">\n\t\t\t<div class=\"elementor-widget-wrap elementor-element-populated\">\n\t\t\t\t\t\t<div class=\"elementor-element elementor-element-84ba332 elementor-widget elementor-widget-heading\" data-id=\"84ba332\" data-element_type=\"widget\" data-e-type=\"widget\" data-widget_type=\"heading.default\">\n\t\t\t\t<div class=\"elementor-widget-container\">\n\t\t\t\t\t<h2 class=\"elementor-heading-title elementor-size-default\">Other Services<\/h2>\t\t\t\t<\/div>\n\t\t\t\t<\/div>\n\t\t\t\t\t<\/div>\n\t\t<\/div>\n\t\t\t\t\t<\/div>\n\t\t<\/div>\n\t\t\t\t<div class=\"elementor-element elementor-element-76e2eb3 elementor-widget elementor-widget-pp-divider\" data-id=\"76e2eb3\" data-element_type=\"widget\" data-e-type=\"widget\" data-widget_type=\"pp-divider.default\">\n\t\t\t\t<div class=\"elementor-widget-container\">\n\t\t\t\t\t\t\t<div class=\"pp-divider-wrap\">\n\t\t\t\t\t\t\t<div class=\"pp-divider pp-divider-horizontal horizontal\"><\/div>\n\t\t\t\t\t\t<\/div>    \n\t\t\t\t\t\t<\/div>\n\t\t\t\t<\/div>\n\t\t\t\t<div class=\"elementor-section elementor-inner-section elementor-element elementor-element-4283616 elementor-section-boxed elementor-section-height-default elementor-section-height-default\" data-id=\"4283616\" data-element_type=\"section\" data-e-type=\"section\">\n\t\t\t\t\t\t<div class=\"elementor-container elementor-column-gap-extended\">\n\t\t\t\t\t<div class=\"elementor-column elementor-col-100 elementor-inner-column elementor-element elementor-element-7f31589\" data-id=\"7f31589\" data-element_type=\"column\" data-e-type=\"column\">\n\t\t\t<div class=\"elementor-widget-wrap elementor-element-populated\">\n\t\t\t\t\t\t<div class=\"elementor-section elementor-inner-section elementor-element elementor-element-448fc8f elementor-section-boxed elementor-section-height-default elementor-section-height-default\" data-id=\"448fc8f\" data-element_type=\"section\" data-e-type=\"section\">\n\t\t\t\t\t\t\t<div class=\"elementor-background-overlay\"><\/div>\n\t\t\t\t\t\t\t<div class=\"elementor-container elementor-column-gap-extended\">\n\t\t\t\t\t<div class=\"elementor-column elementor-col-100 elementor-inner-column elementor-element elementor-element-a6c3233\" data-id=\"a6c3233\" data-element_type=\"column\" data-e-type=\"column\">\n\t\t\t<div class=\"elementor-widget-wrap elementor-element-populated\">\n\t\t\t\t\t\t<div class=\"elementor-element elementor-element-096b9a0 pp-info-list-icon-vertical-top pp-info-list-icon-left elementor-widget elementor-widget-pp-info-list\" data-id=\"096b9a0\" data-element_type=\"widget\" data-e-type=\"widget\" data-widget_type=\"pp-info-list.default\">\n\t\t\t\t<div class=\"elementor-widget-container\">\n\t\t\t\t\t\t\t<div class=\"pp-info-list-container pp-list-container pp-info-list-connector\">\n\t\t\t<ul class=\"pp-list-items\">\n\t\t\t\t\t\t\t\t\t\t\t\t\t\t\t<li class=\"pp-info-list-item\">\n\t\t\t\t\t\t\t\t\t\t\t\t\t\t\t\t\t\t\t\t\t\t<div class=\"pp-info-list-item-inner\">\n\t\t\t\t\t\t\t\t\t\t\t\t<div class=\"pp-infolist-icon-wrapper\">\n\t\t\t\t\t\t\t\t\t<span class=\"pp-info-list-icon pp-info-list-number\">\n\t\t\t\t\t\t01\t\t\t\t\t<\/span>\n\t\t\t\t\t\t\t\t<\/div>\n\t\t\t\t\t\t\t\t\t\t\t\t<div class=\"pp-infolist-content-wrapper\">\n\t\t\t\t\t\t\t\t\t\t\t\t\t\t\t\t\t\t\t\t\t<div class=\"pp-info-list-title\">\n\t\t\t\t\t\t\t\t\t\t\t\t\t\t\t\t\t\t\t\t\t\t\t<a href=\"https:\/\/www.rotacapital.com\/en\/halka-arz-danismanligi\/\">\n\t\t\t\t\t\t\t\t\t\t\t\t\t\t\t\t\t\t\t\t\t\t\tPUBLIC OFFERING CONSULTANCY\t\t\t\t\t\t\t\t\t\t\t\t\t\t\t\t\t\t\t\t\t\t\t<\/a>\n\t\t\t\t\t\t\t\t\t\t\t\t\t\t\t\t\t\t\t\t\t\t<\/div>\n\t\t\t\t\t\t\t\t\t\t\t\t\t\t\t\t\t\t\t\t\t\t\t\t\t\t\t\t\t\t\t\t\t\t\t\t\t\t\t<\/div>\n\t\t\t\t\t\t\t\t<\/div>\n\t\t\t\t\t\t\t\t\t\t\t\t\t<\/li>\n\t\t\t\t\t\t\t\t\t\t\t\t\t\t\t\t\t\t\t\t\t<li class=\"pp-info-list-item\">\n\t\t\t\t\t\t\t\t\t\t\t\t\t\t\t\t\t\t\t\t\t\t<div class=\"pp-info-list-item-inner\">\n\t\t\t\t\t\t\t\t\t\t\t\t<div class=\"pp-infolist-icon-wrapper\">\n\t\t\t\t\t\t\t\t\t<span class=\"pp-info-list-icon pp-info-list-number\">\n\t\t\t\t\t\t03\t\t\t\t\t<\/span>\n\t\t\t\t\t\t\t\t<\/div>\n\t\t\t\t\t\t\t\t\t\t\t\t<div class=\"pp-infolist-content-wrapper\">\n\t\t\t\t\t\t\t\t\t\t\t\t\t\t\t\t\t\t\t\t\t<div class=\"pp-info-list-title\">\n\t\t\t\t\t\t\t\t\t\t\t\t\t\t\t\t\t\t\t\t\t\t\t<a href=\"https:\/\/www.rotacapital.com\/en\/finansal-danismanlik\/\">\n\t\t\t\t\t\t\t\t\t\t\t\t\t\t\t\t\t\t\t\t\t\t\tFINANCIAL ADVISORY\t\t\t\t\t\t\t\t\t\t\t\t\t\t\t\t\t\t\t\t\t\t\t<\/a>\n\t\t\t\t\t\t\t\t\t\t\t\t\t\t\t\t\t\t\t\t\t\t<\/div>\n\t\t\t\t\t\t\t\t\t\t\t\t\t\t\t\t\t\t\t\t\t\t\t\t\t\t\t\t\t\t\t\t\t\t\t\t\t\t\t<\/div>\n\t\t\t\t\t\t\t\t<\/div>\n\t\t\t\t\t\t\t\t\t\t\t\t\t<\/li>\n\t\t\t\t\t\t\t\t\t\t\t\t\t\t\t\t\t\t\t\t\t<li class=\"pp-info-list-item\">\n\t\t\t\t\t\t\t\t\t\t\t\t\t\t\t\t\t\t\t\t\t\t<div class=\"pp-info-list-item-inner\">\n\t\t\t\t\t\t\t\t\t\t\t\t<div class=\"pp-infolist-icon-wrapper\">\n\t\t\t\t\t\t\t\t\t<span class=\"pp-info-list-icon pp-info-list-number\">\n\t\t\t\t\t\t04\t\t\t\t\t<\/span>\n\t\t\t\t\t\t\t\t<\/div>\n\t\t\t\t\t\t\t\t\t\t\t\t<div class=\"pp-infolist-content-wrapper\">\n\t\t\t\t\t\t\t\t\t\t\t\t\t\t\t\t\t\t\t\t\t<div class=\"pp-info-list-title\">\n\t\t\t\t\t\t\t\t\t\t\t\t\t\t\t\t\t\t\t\t\t\t\t<a href=\"https:\/\/www.rotacapital.com\/en\/sirket-devir-birlesmeleri\/\">\n\t\t\t\t\t\t\t\t\t\t\t\t\t\t\t\t\t\t\t\t\t\t\tCOMPANY MERGERS AND ACQUISITIONS\t\t\t\t\t\t\t\t\t\t\t\t\t\t\t\t\t\t\t\t\t\t\t<\/a>\n\t\t\t\t\t\t\t\t\t\t\t\t\t\t\t\t\t\t\t\t\t\t<\/div>\n\t\t\t\t\t\t\t\t\t\t\t\t\t\t\t\t\t\t\t\t\t\t\t\t\t\t\t\t\t\t\t\t\t\t\t\t\t\t\t<\/div>\n\t\t\t\t\t\t\t\t<\/div>\n\t\t\t\t\t\t\t\t\t\t\t\t\t<\/li>\n\t\t\t\t\t\t\t\t\t\t\t\t\t\t\t\t\t\t\t\t\t<li class=\"pp-info-list-item\">\n\t\t\t\t\t\t\t\t\t\t\t\t\t\t\t\t\t\t\t\t\t\t<div class=\"pp-info-list-item-inner\">\n\t\t\t\t\t\t\t\t\t\t\t\t<div class=\"pp-infolist-icon-wrapper\">\n\t\t\t\t\t\t\t\t\t<span class=\"pp-info-list-icon pp-info-list-number\">\n\t\t\t\t\t\t05\t\t\t\t\t<\/span>\n\t\t\t\t\t\t\t\t<\/div>\n\t\t\t\t\t\t\t\t\t\t\t\t<div class=\"pp-infolist-content-wrapper\">\n\t\t\t\t\t\t\t\t\t\t\t\t\t\t\t\t\t\t\t\t\t<div class=\"pp-info-list-title\">\n\t\t\t\t\t\t\t\t\t\t\t\t\t\t\t\t\t\t\t\t\t\t\t<a href=\"https:\/\/www.rotacapital.com\/en\/sirket-degerlemesi\/\">\n\t\t\t\t\t\t\t\t\t\t\t\t\t\t\t\t\t\t\t\t\t\t\tCOMPANY VALUATION\t\t\t\t\t\t\t\t\t\t\t\t\t\t\t\t\t\t\t\t\t\t\t<\/a>\n\t\t\t\t\t\t\t\t\t\t\t\t\t\t\t\t\t\t\t\t\t\t<\/div>\n\t\t\t\t\t\t\t\t\t\t\t\t\t\t\t\t\t\t\t\t\t\t\t\t\t\t\t\t\t\t\t\t\t\t\t\t\t\t\t<\/div>\n\t\t\t\t\t\t\t\t<\/div>\n\t\t\t\t\t\t\t\t\t\t\t\t\t<\/li>\n\t\t\t\t\t\t\t\t\t\t\t\t\t<\/ul>\n\t\t<\/div>\n\t\t\t\t\t\t<\/div>\n\t\t\t\t<\/div>\n\t\t\t\t\t<\/div>\n\t\t<\/div>\n\t\t\t\t\t<\/div>\n\t\t<\/div>\n\t\t\t\t\t<\/div>\n\t\t<\/div>\n\t\t\t\t\t<\/div>\n\t\t<\/div>\n\t\t\t\t<div class=\"elementor-element elementor-element-24be151 elementor-widget elementor-widget-pp-divider\" data-id=\"24be151\" data-element_type=\"widget\" data-e-type=\"widget\" data-widget_type=\"pp-divider.default\">\n\t\t\t\t<div class=\"elementor-widget-container\">\n\t\t\t\t\t\t\t<div class=\"pp-divider-wrap\">\n\t\t\t\t\t\t\t<div class=\"pp-divider pp-divider-horizontal horizontal\"><\/div>\n\t\t\t\t\t\t<\/div>    \n\t\t\t\t\t\t<\/div>\n\t\t\t\t<\/div>\n\t\t\t\t\t<\/div>\n\t\t<\/div>\n\t\t\t\t\t<\/div>\n\t\t<\/div>\n\t\t\t\t<\/div>","protected":false},"excerpt":{"rendered":"<p>Halka a\u00e7\u0131k olmayan \u015firketlere y\u00f6nelik hizmetler &#8211;&nbsp; &nbsp; &nbsp;\u015eirket kurulu\u015flar\u0131.&nbsp; &#8211; Nakdi, ayni, tahsisli sermaye art\u0131r\u0131mlar\u0131.&nbsp; &#8211; Birle\u015fme ve b\u00f6l\u00fcnmeler.&nbsp; &#8211; Esas s\u00f6zle\u015fme de\u011fi\u015fiklikleri.&nbsp; &#8211; \u0130mtiyazl\u0131 pay olu\u015fturulmas\u0131.&nbsp; &#8211; Pay devirleri ve ortakl\u0131k yap\u0131s\u0131 de\u011fi\u015fiklikleri.&nbsp; &#8211; Genel kurul toplant\u0131lar\u0131 ve tescilleri.&nbsp; blog Blog Halka Arz Halka Arz (Halka A\u00e7\u0131lma) \u015eartlar\u0131 Nelerdir? Halka arz olan \u015firketler [&hellip;]<\/p>\n","protected":false},"author":1,"featured_media":0,"parent":0,"menu_order":0,"comment_status":"closed","ping_status":"closed","template":"tmpl\/template-fullwidth.php","meta":{"_acf_changed":false,"inline_featured_image":false,"footnotes":""},"class_list":["post-2629","page","type-page","status-publish","hentry"],"acf":[],"_links":{"self":[{"href":"https:\/\/www.rotacapital.com\/en\/wp-json\/wp\/v2\/pages\/2629","targetHints":{"allow":["GET"]}}],"collection":[{"href":"https:\/\/www.rotacapital.com\/en\/wp-json\/wp\/v2\/pages"}],"about":[{"href":"https:\/\/www.rotacapital.com\/en\/wp-json\/wp\/v2\/types\/page"}],"author":[{"embeddable":true,"href":"https:\/\/www.rotacapital.com\/en\/wp-json\/wp\/v2\/users\/1"}],"replies":[{"embeddable":true,"href":"https:\/\/www.rotacapital.com\/en\/wp-json\/wp\/v2\/comments?post=2629"}],"version-history":[{"count":4,"href":"https:\/\/www.rotacapital.com\/en\/wp-json\/wp\/v2\/pages\/2629\/revisions"}],"predecessor-version":[{"id":2633,"href":"https:\/\/www.rotacapital.com\/en\/wp-json\/wp\/v2\/pages\/2629\/revisions\/2633"}],"wp:attachment":[{"href":"https:\/\/www.rotacapital.com\/en\/wp-json\/wp\/v2\/media?parent=2629"}],"curies":[{"name":"wp","href":"https:\/\/api.w.org\/{rel}","templated":true}]}}